{"id":1987,"date":"2023-11-06T20:20:34","date_gmt":"2023-11-06T20:20:34","guid":{"rendered":"https:\/\/www.museu0.pt\/?page_id=1987"},"modified":"2023-11-27T18:22:52","modified_gmt":"2023-11-27T18:22:52","slug":"politica-de-privacidade","status":"publish","type":"page","link":"https:\/\/www.museu0.pt\/en\/privacy-policy\/","title":{"rendered":"Privacy Policy"},"content":{"rendered":"<div data-elementor-type=\"wp-page\" data-elementor-id=\"1987\" class=\"elementor elementor-1987\" data-elementor-post-type=\"page\">\n\t\t\t\t\t\t\t\t\t<section class=\"elementor-section elementor-top-section elementor-element elementor-element-6b0a8ca elementor-section-boxed elementor-section-height-default elementor-section-height-default\" data-id=\"6b0a8ca\" data-element_type=\"section\" data-settings=\"{&quot;background_background&quot;:&quot;classic&quot;}\">\n\t\t\t\t\t\t<div class=\"elementor-container elementor-column-gap-no\">\n\t\t\t\t\t<div class=\"elementor-column elementor-col-100 elementor-top-column elementor-element elementor-element-fab8907\" data-id=\"fab8907\" data-element_type=\"column\">\n\t\t\t<div class=\"elementor-widget-wrap elementor-element-populated\">\n\t\t\t\t\t\t\t\t<div class=\"elementor-element elementor-element-8abd591 elementor-widget elementor-widget-heading\" data-id=\"8abd591\" data-element_type=\"widget\" data-widget_type=\"heading.default\">\n\t\t\t\t<div class=\"elementor-widget-container\">\n\t\t\t<style>\/*! elementor - v3.15.0 - 20-08-2023 *\/\n.elementor-heading-title{padding:0;margin:0;line-height:1}.elementor-widget-heading .elementor-heading-title[class*=elementor-size-]>a{color:inherit;font-size:inherit;line-height:inherit}.elementor-widget-heading .elementor-heading-title.elementor-size-small{font-size:15px}.elementor-widget-heading .elementor-heading-title.elementor-size-medium{font-size:19px}.elementor-widget-heading .elementor-heading-title.elementor-size-large{font-size:29px}.elementor-widget-heading .elementor-heading-title.elementor-size-xl{font-size:39px}.elementor-widget-heading .elementor-heading-title.elementor-size-xxl{font-size:59px}<\/style><h1 class=\"elementor-heading-title elementor-size-default\">Privacy Policy<\/h1>\t\t<\/div>\n\t\t\t\t<\/div>\n\t\t\t\t\t<\/div>\n\t\t<\/div>\n\t\t\t\t\t\t\t<\/div>\n\t\t<\/section>\n\t\t\t\t<section class=\"elementor-section elementor-top-section elementor-element elementor-element-790f156 elementor-section-boxed elementor-section-height-default elementor-section-height-default\" data-id=\"790f156\" data-element_type=\"section\">\n\t\t\t\t\t\t<div class=\"elementor-container elementor-column-gap-no\">\n\t\t\t\t\t<div class=\"elementor-column elementor-col-100 elementor-top-column elementor-element elementor-element-5fa2754\" data-id=\"5fa2754\" data-element_type=\"column\">\n\t\t\t<div class=\"elementor-widget-wrap elementor-element-populated\">\n\t\t\t\t\t\t\t\t<section class=\"elementor-section elementor-inner-section elementor-element elementor-element-37de64b fixed_width_section elementor-section-boxed elementor-section-height-default elementor-section-height-default\" data-id=\"37de64b\" data-element_type=\"section\">\n\t\t\t\t\t\t<div class=\"elementor-container elementor-column-gap-no\">\n\t\t\t\t\t<div class=\"elementor-column elementor-col-100 elementor-inner-column elementor-element elementor-element-382b68e\" data-id=\"382b68e\" data-element_type=\"column\">\n\t\t\t<div class=\"elementor-widget-wrap elementor-element-populated\">\n\t\t\t\t\t\t\t\t<div class=\"elementor-element elementor-element-29c0ba7 elementor-widget elementor-widget-text-editor\" data-id=\"29c0ba7\" data-element_type=\"widget\" data-widget_type=\"text-editor.default\">\n\t\t\t\t<div class=\"elementor-widget-container\">\n\t\t\t<style>\/*! elementor - v3.15.0 - 20-08-2023 *\/\n.elementor-widget-text-editor.elementor-drop-cap-view-stacked .elementor-drop-cap{background-color:#69727d;color:#fff}.elementor-widget-text-editor.elementor-drop-cap-view-framed .elementor-drop-cap{color:#69727d;border:3px solid;background-color:transparent}.elementor-widget-text-editor:not(.elementor-drop-cap-view-default) .elementor-drop-cap{margin-top:8px}.elementor-widget-text-editor:not(.elementor-drop-cap-view-default) .elementor-drop-cap-letter{width:1em;height:1em}.elementor-widget-text-editor .elementor-drop-cap{float:left;text-align:center;line-height:1;font-size:50px}.elementor-widget-text-editor .elementor-drop-cap-letter{display:inline-block}<\/style>\t\t\t\t<p>The protection of privacy and personal data is a priority for the Museu Zer0 and a clear commitment on our part.<\/p><p>This Privacy Policy explains how we collect, use, disclose and protect your personal data when you use our website and services. By accessing or using our website and services, you consent to the practices described in this Privacy Policy. If you do not agree with this policy, please do not use our website or services.<\/p>\t\t\t\t\t\t<\/div>\n\t\t\t\t<\/div>\n\t\t\t\t<div class=\"elementor-element elementor-element-8a2536e elementor-widget elementor-widget-heading\" data-id=\"8a2536e\" data-element_type=\"widget\" data-widget_type=\"heading.default\">\n\t\t\t\t<div class=\"elementor-widget-container\">\n\t\t\t<h6 class=\"elementor-heading-title elementor-size-default\">1. In accordance with the European Union's new General Data Protection Regulation (GDPR).<\/h6>\t\t<\/div>\n\t\t\t\t<\/div>\n\t\t\t\t<div class=\"elementor-element elementor-element-6d4b2cc privacy_text elementor-widget elementor-widget-text-editor\" data-id=\"6d4b2cc\" data-element_type=\"widget\" data-widget_type=\"text-editor.default\">\n\t\t\t\t<div class=\"elementor-widget-container\">\n\t\t\t\t\t\t\t<p><span class=\"info_title\">1.1.<\/span> Whenever requested, we share what data we have about you, and how you can correct or delete it if you wish.<\/p>\t\t\t\t\t\t<\/div>\n\t\t\t\t<\/div>\n\t\t\t\t<div class=\"elementor-element elementor-element-cfd30a3 privacy_text hover_link_text elementor-widget elementor-widget-text-editor\" data-id=\"cfd30a3\" data-element_type=\"widget\" data-widget_type=\"text-editor.default\">\n\t\t\t\t<div class=\"elementor-widget-container\">\n\t\t\t\t\t\t\t<p><span class=\"info_title\">1.2.<\/span> If you do not wish to receive further information, newsletters and offers, you can always contact us directly via email: <a href=\"mailto:geral@museu0.pt\">geral@museu0.pt<\/a> and your data will be deleted within 48 hours.<\/p>\t\t\t\t\t\t<\/div>\n\t\t\t\t<\/div>\n\t\t\t\t<div class=\"elementor-element elementor-element-3ace076 elementor-widget elementor-widget-heading\" data-id=\"3ace076\" data-element_type=\"widget\" data-widget_type=\"heading.default\">\n\t\t\t\t<div class=\"elementor-widget-container\">\n\t\t\t<h6 class=\"elementor-heading-title elementor-size-default\">2. The Museu Zer0 as data controller.<\/h6>\t\t<\/div>\n\t\t\t\t<\/div>\n\t\t\t\t<div class=\"elementor-element elementor-element-4bd733f privacy_text elementor-widget elementor-widget-text-editor\" data-id=\"4bd733f\" data-element_type=\"widget\" data-widget_type=\"text-editor.default\">\n\t\t\t\t<div class=\"elementor-widget-container\">\n\t\t\t\t\t\t\t<p><span class=\"info_title\">2.1. <\/span>Ensures that the processing of your personal data is carried out within the scope of the purposes for which they were collected or for purposes compatible with those purposes.<\/p>\t\t\t\t\t\t<\/div>\n\t\t\t\t<\/div>\n\t\t\t\t<div class=\"elementor-element elementor-element-370ff73 privacy_text elementor-widget elementor-widget-text-editor\" data-id=\"370ff73\" data-element_type=\"widget\" data-widget_type=\"text-editor.default\">\n\t\t\t\t<div class=\"elementor-widget-container\">\n\t\t\t\t\t\t\t<p><span class=\"info_title\">2.2. <\/span>It collects, uses and stores only the personal data necessary for the purpose in question.<\/p>\t\t\t\t\t\t<\/div>\n\t\t\t\t<\/div>\n\t\t\t\t<div class=\"elementor-element elementor-element-b5920ad privacy_text elementor-widget elementor-widget-text-editor\" data-id=\"b5920ad\" data-element_type=\"widget\" data-widget_type=\"text-editor.default\">\n\t\t\t\t<div class=\"elementor-widget-container\">\n\t\t\t\t\t\t\t<p><span class=\"info_title\">2.3. <\/span>It does not pass on any personal data for commercial, advertising or other purposes.<\/p>\t\t\t\t\t\t<\/div>\n\t\t\t\t<\/div>\n\t\t\t\t<div class=\"elementor-element elementor-element-924dad2 privacy_text elementor-widget elementor-widget-text-editor\" data-id=\"924dad2\" data-element_type=\"widget\" data-widget_type=\"text-editor.default\">\n\t\t\t\t<div class=\"elementor-widget-container\">\n\t\t\t\t\t\t\t<p><span class=\"info_title\">2.4. <\/span>It processes personal data for the purposes provided for by law or to provide services at our request.<\/p>\t\t\t\t\t\t<\/div>\n\t\t\t\t<\/div>\n\t\t\t\t<div class=\"elementor-element elementor-element-370080c elementor-widget elementor-widget-heading\" data-id=\"370080c\" data-element_type=\"widget\" data-widget_type=\"heading.default\">\n\t\t\t\t<div class=\"elementor-widget-container\">\n\t\t\t<h6 class=\"elementor-heading-title elementor-size-default\">3. With this Policy, we guarantee that your privacy always comes first.<\/h6>\t\t<\/div>\n\t\t\t\t<\/div>\n\t\t\t\t<div class=\"elementor-element elementor-element-b219898 elementor-widget elementor-widget-text-editor\" data-id=\"b219898\" data-element_type=\"widget\" data-widget_type=\"text-editor.default\">\n\t\t\t\t<div class=\"elementor-widget-container\">\n\t\t\t\t\t\t\t<p>We aim to comply with the highest standards of data privacy, in line with the new European legislation known as the General Data Protection Regulation (GDPR), which came into force on 25 May 2018.<\/p><p>Thank you for agreeing to receive our newsletters and other information by email, as this way you will always be able to keep up to date with our activities, events and initiatives, but we can only reach you with your consent. We would therefore appreciate it if you could continue to trust us and follow our activities.<\/p><p>If you do not wish to do so, please also send us an email to this effect, in which we ask you to pay special attention to the email address you wish to be removed from, as we can only delete emails that are in our databases. We expect to be able to do this within 48 hours.<\/p><p>If you do not enter a valid email address, it will not be removed.<\/p>\t\t\t\t\t\t<\/div>\n\t\t\t\t<\/div>\n\t\t\t\t<div class=\"elementor-element elementor-element-f5995c7 elementor-widget elementor-widget-heading\" data-id=\"f5995c7\" data-element_type=\"widget\" data-widget_type=\"heading.default\">\n\t\t\t\t<div class=\"elementor-widget-container\">\n\t\t\t<h6 class=\"elementor-heading-title elementor-size-default\">4. Cookies.<\/h6>\t\t<\/div>\n\t\t\t\t<\/div>\n\t\t\t\t<div class=\"elementor-element elementor-element-e2ce25a elementor-widget elementor-widget-text-editor\" data-id=\"e2ce25a\" data-element_type=\"widget\" data-widget_type=\"text-editor.default\">\n\t\t\t\t<div class=\"elementor-widget-container\">\n\t\t\t\t\t\t\t<p>The Museu Zer0 uses cookies and other similar technologies on its websites to improve the performance and browsing experience of its users, increasing, on the one hand, the speed and efficiency of response and, on the other, eliminating the need to repeatedly enter the same information.<\/p><p>The placement of cookies helps websites to recognise the user's device on the next visit and is often essential for their operation.<\/p><p>The cookies used by the Museu Zer0 do not collect personal information that allows the user to be identified, but only store generic information, such as the method or region\/city of access, among others.<\/p><p>The cookies used on the Museu Zer0 websites and portals are as follows:<\/p>\t\t\t\t\t\t<\/div>\n\t\t\t\t<\/div>\n\t\t\t\t<div class=\"elementor-element elementor-element-55180fb privacy_text elementor-widget elementor-widget-text-editor\" data-id=\"55180fb\" data-element_type=\"widget\" data-widget_type=\"text-editor.default\">\n\t\t\t\t<div class=\"elementor-widget-container\">\n\t\t\t\t\t\t\t<p><span class=\"info_title\">Essential - <\/span>necessary for browsing the website, guaranteeing access to private areas of the website, in order to enable services to be carried out, namely session cookies.<\/p>\t\t\t\t\t\t<\/div>\n\t\t\t\t<\/div>\n\t\t\t\t<div class=\"elementor-element elementor-element-5bcf39d privacy_text elementor-widget elementor-widget-text-editor\" data-id=\"5bcf39d\" data-element_type=\"widget\" data-widget_type=\"text-editor.default\">\n\t\t\t\t<div class=\"elementor-widget-container\">\n\t\t\t\t\t\t\t<p><span class=\"info_title\">Analytical - <\/span>necessary to collect information for statistical analysis of navigation and use of the website, namely Google.<\/p>\t\t\t\t\t\t<\/div>\n\t\t\t\t<\/div>\n\t\t\t\t<div class=\"elementor-element elementor-element-faeeb50 privacy_text elementor-widget elementor-widget-text-editor\" data-id=\"faeeb50\" data-element_type=\"widget\" data-widget_type=\"text-editor.default\">\n\t\t\t\t<div class=\"elementor-widget-container\">\n\t\t\t\t\t\t\t<p><span class=\"info_title\">Social Media -\u00a0<\/span>the possibility of interacting with social networks, in particular:<\/p><ul><li>Facebook<\/li><li>Instagram<\/li><li>LinkedIn<\/li><\/ul>\t\t\t\t\t\t<\/div>\n\t\t\t\t<\/div>\n\t\t\t\t<div class=\"elementor-element elementor-element-9ab9059 elementor-widget elementor-widget-text-editor\" data-id=\"9ab9059\" data-element_type=\"widget\" data-widget_type=\"text-editor.default\">\n\t\t\t\t<div class=\"elementor-widget-container\">\n\t\t\t\t\t\t\t<p>The information generated by the use of cookies may be sent to third parties to analyse trends, track browsing and their performance, without however identifying any individual.<\/p>\t\t\t\t\t\t<\/div>\n\t\t\t\t<\/div>\n\t\t\t\t<div class=\"elementor-element elementor-element-6c1bb6b elementor-widget elementor-widget-heading\" data-id=\"6c1bb6b\" data-element_type=\"widget\" data-widget_type=\"heading.default\">\n\t\t\t\t<div class=\"elementor-widget-container\">\n\t\t\t<h6 class=\"elementor-heading-title elementor-size-default\">5. How do I control the use of Cookies? <\/h6>\t\t<\/div>\n\t\t\t\t<\/div>\n\t\t\t\t<div class=\"elementor-element elementor-element-140b4f6 elementor-widget elementor-widget-text-editor\" data-id=\"140b4f6\" data-element_type=\"widget\" data-widget_type=\"text-editor.default\">\n\t\t\t\t<div class=\"elementor-widget-container\">\n\t\t\t\t\t\t\t<p>Users can prevent the use of cookies in their browser settings. If you limit this option, however, the use of some features or the performance of certain tools may be restricted.<\/p>\t\t\t\t\t\t<\/div>\n\t\t\t\t<\/div>\n\t\t\t\t\t<\/div>\n\t\t<\/div>\n\t\t\t\t\t\t\t<\/div>\n\t\t<\/section>\n\t\t\t\t\t<\/div>\n\t\t<\/div>\n\t\t\t\t\t\t\t<\/div>\n\t\t<\/section>\n\t\t\t\t\t\t\t<\/div>","protected":false},"excerpt":{"rendered":"<p>Pol\u00edtica de Privacidade A prote\u00e7\u00e3o da privacidade e dos dados pessoais \u00e9 uma prioridade para o Museu Zer0 e um claro compromisso assumido por n\u00f3s. Esta Pol\u00edtica de Privacidade explica como coletamos, usamos, divulgamos e protegemos os seus dados pessoais quando utiliza o nosso site e servi\u00e7os. Ao acessar ou usar nosso site e servi\u00e7os, [&hellip;]<\/p>","protected":false},"author":3,"featured_media":3007,"parent":0,"menu_order":0,"comment_status":"closed","ping_status":"closed","template":"elementor_header_footer","meta":{"footnotes":""},"yoast_head":"<!-- This site is optimized with the Yoast SEO Premium plugin v20.5 (Yoast SEO v20.9) - https:\/\/yoast.com\/wordpress\/plugins\/seo\/ -->\n<title>Museu Zer0 - Descubra a Arte Digital<\/title>\n<meta name=\"description\" content=\"Museu Zer0 - Centro de Arte Digital. Programando iniciativas, apresentando, divulgando, e apoiando a cria\u00e7\u00e3o art\u00edstica digital.\" \/>\n<meta name=\"robots\" content=\"index, follow, max-snippet:-1, max-image-preview:large, max-video-preview:-1\" \/>\n<link rel=\"canonical\" href=\"https:\/\/www.museu0.pt\/en\/privacy-policy\/\" \/>\n<meta property=\"og:locale\" content=\"en_GB\" \/>\n<meta property=\"og:type\" content=\"article\" \/>\n<meta property=\"og:title\" content=\"Pol\u00edtica de Privacidade\" \/>\n<meta property=\"og:description\" content=\"Museu Zer0 - Centro de Arte Digital. Programando iniciativas, apresentando, divulgando, e apoiando a cria\u00e7\u00e3o art\u00edstica digital.\" \/>\n<meta property=\"og:url\" content=\"https:\/\/www.museu0.pt\/en\/privacy-policy\/\" \/>\n<meta property=\"og:site_name\" content=\"Museu0\" \/>\n<meta property=\"article:modified_time\" content=\"2023-11-27T18:22:52+00:00\" \/>\n<meta property=\"og:image\" content=\"https:\/\/www.museu0.pt\/wp-content\/uploads\/2023\/11\/museu0_thumbnail.png\" \/>\n\t<meta property=\"og:image:width\" content=\"260\" \/>\n\t<meta property=\"og:image:height\" content=\"260\" \/>\n\t<meta property=\"og:image:type\" content=\"image\/png\" \/>\n<meta name=\"twitter:card\" content=\"summary_large_image\" \/>\n<meta name=\"twitter:label1\" content=\"Est. reading time\" \/>\n\t<meta name=\"twitter:data1\" content=\"4 minutes\" \/>\n<script type=\"application\/ld+json\" class=\"yoast-schema-graph\">{\"@context\":\"https:\/\/schema.org\",\"@graph\":[{\"@type\":\"WebPage\",\"@id\":\"https:\/\/www.museu0.pt\/politica-de-privacidade\/\",\"url\":\"https:\/\/www.museu0.pt\/politica-de-privacidade\/\",\"name\":\"Museu Zer0 - Descubra a Arte Digital\",\"isPartOf\":{\"@id\":\"https:\/\/www.museu0.pt\/#website\"},\"datePublished\":\"2023-11-06T20:20:34+00:00\",\"dateModified\":\"2023-11-27T18:22:52+00:00\",\"description\":\"Museu Zer0 - Centro de Arte Digital. Programando iniciativas, apresentando, divulgando, e apoiando a cria\u00e7\u00e3o art\u00edstica digital.\",\"breadcrumb\":{\"@id\":\"https:\/\/www.museu0.pt\/politica-de-privacidade\/#breadcrumb\"},\"inLanguage\":\"en-GB\",\"potentialAction\":[{\"@type\":\"ReadAction\",\"target\":[\"https:\/\/www.museu0.pt\/politica-de-privacidade\/\"]}]},{\"@type\":\"BreadcrumbList\",\"@id\":\"https:\/\/www.museu0.pt\/politica-de-privacidade\/#breadcrumb\",\"itemListElement\":[{\"@type\":\"ListItem\",\"position\":1,\"name\":\"Home\",\"item\":\"https:\/\/www.museu0.pt\/pt\/\"},{\"@type\":\"ListItem\",\"position\":2,\"name\":\"Pol\u00edtica de Privacidade\"}]},{\"@type\":\"WebSite\",\"@id\":\"https:\/\/www.museu0.pt\/#website\",\"url\":\"https:\/\/www.museu0.pt\/\",\"name\":\"Museu0\",\"description\":\"Centro de Arte Digital\",\"publisher\":{\"@id\":\"https:\/\/www.museu0.pt\/#organization\"},\"potentialAction\":[{\"@type\":\"SearchAction\",\"target\":{\"@type\":\"EntryPoint\",\"urlTemplate\":\"https:\/\/www.museu0.pt\/?s={search_term_string}\"},\"query-input\":\"required name=search_term_string\"}],\"inLanguage\":\"en-GB\"},{\"@type\":\"Organization\",\"@id\":\"https:\/\/www.museu0.pt\/#organization\",\"name\":\"Museu0\",\"url\":\"https:\/\/www.museu0.pt\/\",\"logo\":{\"@type\":\"ImageObject\",\"inLanguage\":\"en-GB\",\"@id\":\"https:\/\/www.museu0.pt\/#\/schema\/logo\/image\/\",\"url\":\"https:\/\/www.museu0.pt\/wp-content\/uploads\/2023\/11\/museu0_logo_big.png\",\"contentUrl\":\"https:\/\/www.museu0.pt\/wp-content\/uploads\/2023\/11\/museu0_logo_big.png\",\"width\":1100,\"height\":1100,\"caption\":\"Museu0\"},\"image\":{\"@id\":\"https:\/\/www.museu0.pt\/#\/schema\/logo\/image\/\"}}]}<\/script>\n<!-- \/ Yoast SEO Premium plugin. -->","yoast_head_json":{"title":"Museu Zer0 - Descubra a Arte Digital","description":"Museu Zer0 - Centro de Arte Digital. Programando iniciativas, apresentando, divulgando, e apoiando a cria\u00e7\u00e3o art\u00edstica digital.","robots":{"index":"index","follow":"follow","max-snippet":"max-snippet:-1","max-image-preview":"max-image-preview:large","max-video-preview":"max-video-preview:-1"},"canonical":"https:\/\/www.museu0.pt\/en\/privacy-policy\/","og_locale":"en_GB","og_type":"article","og_title":"Pol\u00edtica de Privacidade","og_description":"Museu Zer0 - Centro de Arte Digital. Programando iniciativas, apresentando, divulgando, e apoiando a cria\u00e7\u00e3o art\u00edstica digital.","og_url":"https:\/\/www.museu0.pt\/en\/privacy-policy\/","og_site_name":"Museu0","article_modified_time":"2023-11-27T18:22:52+00:00","og_image":[{"width":260,"height":260,"url":"https:\/\/www.museu0.pt\/wp-content\/uploads\/2023\/11\/museu0_thumbnail.png","type":"image\/png"}],"twitter_card":"summary_large_image","twitter_misc":{"Est. reading time":"4 minutes"},"schema":{"@context":"https:\/\/schema.org","@graph":[{"@type":"WebPage","@id":"https:\/\/www.museu0.pt\/politica-de-privacidade\/","url":"https:\/\/www.museu0.pt\/politica-de-privacidade\/","name":"Museu Zer0 - Descubra a Arte Digital","isPartOf":{"@id":"https:\/\/www.museu0.pt\/#website"},"datePublished":"2023-11-06T20:20:34+00:00","dateModified":"2023-11-27T18:22:52+00:00","description":"Museu Zer0 - Centro de Arte Digital. Programando iniciativas, apresentando, divulgando, e apoiando a cria\u00e7\u00e3o art\u00edstica digital.","breadcrumb":{"@id":"https:\/\/www.museu0.pt\/politica-de-privacidade\/#breadcrumb"},"inLanguage":"en-GB","potentialAction":[{"@type":"ReadAction","target":["https:\/\/www.museu0.pt\/politica-de-privacidade\/"]}]},{"@type":"BreadcrumbList","@id":"https:\/\/www.museu0.pt\/politica-de-privacidade\/#breadcrumb","itemListElement":[{"@type":"ListItem","position":1,"name":"Home","item":"https:\/\/www.museu0.pt\/pt\/"},{"@type":"ListItem","position":2,"name":"Pol\u00edtica de Privacidade"}]},{"@type":"WebSite","@id":"https:\/\/www.museu0.pt\/#website","url":"https:\/\/www.museu0.pt\/","name":"Museu0","description":"Centro de Arte Digital","publisher":{"@id":"https:\/\/www.museu0.pt\/#organization"},"potentialAction":[{"@type":"SearchAction","target":{"@type":"EntryPoint","urlTemplate":"https:\/\/www.museu0.pt\/?s={search_term_string}"},"query-input":"required name=search_term_string"}],"inLanguage":"en-GB"},{"@type":"Organization","@id":"https:\/\/www.museu0.pt\/#organization","name":"Museu0","url":"https:\/\/www.museu0.pt\/","logo":{"@type":"ImageObject","inLanguage":"en-GB","@id":"https:\/\/www.museu0.pt\/#\/schema\/logo\/image\/","url":"https:\/\/www.museu0.pt\/wp-content\/uploads\/2023\/11\/museu0_logo_big.png","contentUrl":"https:\/\/www.museu0.pt\/wp-content\/uploads\/2023\/11\/museu0_logo_big.png","width":1100,"height":1100,"caption":"Museu0"},"image":{"@id":"https:\/\/www.museu0.pt\/#\/schema\/logo\/image\/"}}]}},"_links":{"self":[{"href":"https:\/\/www.museu0.pt\/en\/wp-json\/wp\/v2\/pages\/1987"}],"collection":[{"href":"https:\/\/www.museu0.pt\/en\/wp-json\/wp\/v2\/pages"}],"about":[{"href":"https:\/\/www.museu0.pt\/en\/wp-json\/wp\/v2\/types\/page"}],"author":[{"embeddable":true,"href":"https:\/\/www.museu0.pt\/en\/wp-json\/wp\/v2\/users\/3"}],"replies":[{"embeddable":true,"href":"https:\/\/www.museu0.pt\/en\/wp-json\/wp\/v2\/comments?post=1987"}],"version-history":[{"count":20,"href":"https:\/\/www.museu0.pt\/en\/wp-json\/wp\/v2\/pages\/1987\/revisions"}],"predecessor-version":[{"id":3548,"href":"https:\/\/www.museu0.pt\/en\/wp-json\/wp\/v2\/pages\/1987\/revisions\/3548"}],"wp:featuredmedia":[{"embeddable":true,"href":"https:\/\/www.museu0.pt\/en\/wp-json\/wp\/v2\/media\/3007"}],"wp:attachment":[{"href":"https:\/\/www.museu0.pt\/en\/wp-json\/wp\/v2\/media?parent=1987"}],"curies":[{"name":"wp","href":"https:\/\/api.w.org\/{rel}","templated":true}]}}